{"id":49,"date":"2022-11-04T13:26:27","date_gmt":"2022-11-04T13:26:27","guid":{"rendered":"https:\/\/amazonasmetals.com\/?page_id=49"},"modified":"2024-03-18T08:29:16","modified_gmt":"2024-03-18T08:29:16","slug":"bem-vindo-ao-site-da-amazonia-metais-e-minerais-ltda","status":"publish","type":"page","link":"https:\/\/amazonasmetals.com\/","title":{"rendered":"Bem-vindo ao site da Amazonia Metais e Minerais LTDA"},"content":{"rendered":"\t\t<div data-elementor-type=\"wp-page\" data-elementor-id=\"49\" class=\"elementor elementor-49\" data-elementor-post-type=\"page\">\n\t\t\t\t\t\t<section class=\"elementor-section elementor-top-section elementor-element elementor-element-0c18021 elementor-section-boxed elementor-section-height-default elementor-section-height-default\" data-id=\"0c18021\" data-element_type=\"section\" data-e-type=\"section\" data-settings=\"{&quot;background_background&quot;:&quot;slideshow&quot;,&quot;background_slideshow_gallery&quot;:[{&quot;id&quot;:6,&quot;url&quot;:&quot;https:\\\/\\\/amazonasmetals.com\\\/wp-content\\\/uploads\\\/2020\\\/09\\\/Amazonasmetals.jpg&quot;}],&quot;background_slideshow_loop&quot;:&quot;yes&quot;,&quot;background_slideshow_slide_duration&quot;:5000,&quot;background_slideshow_slide_transition&quot;:&quot;fade&quot;,&quot;background_slideshow_transition_duration&quot;:500}\">\n\t\t\t\t\t\t<div class=\"elementor-container elementor-column-gap-default\">\n\t\t\t\t\t<div class=\"elementor-column elementor-col-100 elementor-top-column elementor-element elementor-element-a3a7a3d\" data-id=\"a3a7a3d\" data-element_type=\"column\" data-e-type=\"column\" data-settings=\"{&quot;background_background&quot;:&quot;classic&quot;}\">\n\t\t\t<div class=\"elementor-widget-wrap elementor-element-populated\">\n\t\t\t\t\t\t<div class=\"elementor-element elementor-element-a53bfa5 elementor-widget elementor-widget-heading\" data-id=\"a53bfa5\" data-element_type=\"widget\" data-e-type=\"widget\" data-widget_type=\"heading.default\">\n\t\t\t\t<div class=\"elementor-widget-container\">\n\t\t\t\t\t<h2 class=\"elementor-heading-title elementor-size-xl\">Bem-vindo ao site da Amazonia Metais e Minerais LTDA<\/h2>\t\t\t\t<\/div>\n\t\t\t\t<\/div>\n\t\t\t\t<div class=\"elementor-element elementor-element-d670d0b elementor-widget elementor-widget-text-editor\" data-id=\"d670d0b\" data-element_type=\"widget\" data-e-type=\"widget\" data-widget_type=\"text-editor.default\">\n\t\t\t\t<div class=\"elementor-widget-container\">\n\t\t\t\t\t\t\t\t\tA empresa \u201cAmazonia Metais\u201d de CNPJ 39.822.509\/0001-55, fundada em 18\/11\/2020 e com raz\u00e3o social Amazonia Metais e Minerais LTDA, est\u00e1 localizada na cidade Campina Grande do estado Para\u00edba. Sua atividade principal, conforme a Receita Federal, \u00e9 46.89-3-01 &#8211; Com\u00e9rcio atacadista de produtos da extra\u00e7\u00e3o mineral, exceto combust\u00edveis. Temos registros de minera\u00e7\u00e3o nos estados:\n<ul>\n \t<li>RN (RIO GRANDE DO NORTE)<\/li>\n \t<li>PB (PARAIBA)<\/li>\n \t<li>MG (MINAS GERAIS)<\/li>\n \t<li>BA (BAHIA)<\/li>\n<\/ul>\n&nbsp;\n<h5>Vendemos minas com Estudo de Viabilidade \u2013 NI 43-101 Se voc\u00ea estiver interessado, entre em contato conosco pelo e-mail <a href=\"mailto: am@amazonasmetals.com\">am@amazonasmetals.com<\/a><\/h5>\nPodemos produzir os seguintes produtos minerais (Subst\u00e2ncias)\n<ul>\n \t<li>CASSITERITA<\/li>\n \t<li>CAULIM<\/li>\n \t<li>FELDSPATO<\/li>\n \t<li>ILMENITA<\/li>\n \t<li>MIN\u00c9RIO DE COBRE<\/li>\n \t<li>MIN\u00c9RIO DE ESTANHO<\/li>\n \t<li>MIN\u00c9RIO DE FERRO<\/li>\n \t<li>MIN\u00c9RIO DE L\u00cdTIO<\/li>\n \t<li>MIN\u00c9RIO DE MANGAN\u00caS<\/li>\n \t<li>MIN\u00c9RIO DE NI\u00d3BIO<\/li>\n \t<li>MIN\u00c9RIO DE OURO<\/li>\n \t<li>MIN\u00c9RIO DE PAL\u00c1DIO<\/li>\n \t<li>MIN\u00c9RIO DE PLATINA<\/li>\n \t<li>MIN\u00c9RIO DE PRATA<\/li>\n \t<li>MIN\u00c9RIO DE T\u00c2NTALO<\/li>\n \t<li>MIN\u00c9RIO DE TIT\u00c2NIO<\/li>\n \t<li>MIN\u00c9RIO DE TUNGST\u00caNIO<\/li>\n \t<li>MIN\u00c9RIO DE VAN\u00c1DIO<\/li>\n \t<li>QUARTZITO<\/li>\n \t<li>RUTILO<\/li>\n \t<li>TERRAS RARAS<\/li>\n<\/ul>\nSe voc\u00ea estiver interessado nos produtos que produzimos, entre em contato conosco em <strong>am@amazonasmetals.com<\/strong>, iremos ajud\u00e1-lo o mais r\u00e1pido poss\u00edvel.\n\n&nbsp;\t\t\t\t\t\t\t\t<\/div>\n\t\t\t\t<\/div>\n\t\t\t\t\t<\/div>\n\t\t<\/div>\n\t\t\t\t\t<\/div>\n\t\t<\/section>\n\t\t\t\t<\/div>\n\t\t","protected":false},"excerpt":{"rendered":"<p>Bem-vindo ao site da Amazonia Metais e Minerais LTDA A empresa \u201cAmazonia Metais\u201d de CNPJ 39.822.509\/0001-55, fundada em 18\/11\/2020 e com raz\u00e3o social Amazonia Metais e Minerais LTDA, est\u00e1 localizada na cidade Campina Grande do estado Para\u00edba. Sua atividade principal, conforme a Receita Federal, \u00e9 46.89-3-01 &#8211; Com\u00e9rcio atacadista de produtos da extra\u00e7\u00e3o mineral, exceto [&hellip;]<\/p>\n","protected":false},"author":1,"featured_media":0,"parent":0,"menu_order":0,"comment_status":"closed","ping_status":"closed","template":"","meta":{"footnotes":""},"class_list":["post-49","page","type-page","status-publish","hentry"],"yoast_head":"<!-- This site is optimized with the Yoast SEO plugin v27.5 - https:\/\/yoast.com\/product\/yoast-seo-wordpress\/ -->\n<title>Bem-vindo ao site da Amazonia Metais e Minerais LTDA - AM Amazonas Metals<\/title>\n<meta name=\"robots\" content=\"index, follow, max-snippet:-1, max-image-preview:large, max-video-preview:-1\" \/>\n<link rel=\"canonical\" href=\"https:\/\/amazonasmetals.com\/\" \/>\n<meta property=\"og:locale\" content=\"pt_BR\" \/>\n<meta property=\"og:type\" content=\"article\" \/>\n<meta property=\"og:title\" content=\"Bem-vindo ao site da Amazonia Metais e Minerais LTDA - AM Amazonas Metals\" \/>\n<meta property=\"og:description\" content=\"Bem-vindo ao site da Amazonia Metais e Minerais LTDA A empresa \u201cAmazonia Metais\u201d de CNPJ 39.822.509\/0001-55, fundada em 18\/11\/2020 e com raz\u00e3o social Amazonia Metais e Minerais LTDA, est\u00e1 localizada na cidade Campina Grande do estado Para\u00edba. Sua atividade principal, conforme a Receita Federal, \u00e9 46.89-3-01 &#8211; Com\u00e9rcio atacadista de produtos da extra\u00e7\u00e3o mineral, exceto [&hellip;]\" \/>\n<meta property=\"og:url\" content=\"https:\/\/amazonasmetals.com\/\" \/>\n<meta property=\"og:site_name\" content=\"AM Amazonas Metals\" \/>\n<meta property=\"article:modified_time\" content=\"2024-03-18T08:29:16+00:00\" \/>\n<meta name=\"twitter:card\" content=\"summary_large_image\" \/>\n<meta name=\"twitter:label1\" content=\"Est. tempo de leitura\" \/>\n\t<meta name=\"twitter:data1\" content=\"1 minuto\" \/>\n<script type=\"application\/ld+json\" class=\"yoast-schema-graph\">{\"@context\":\"https:\\\/\\\/schema.org\",\"@graph\":[{\"@type\":\"WebPage\",\"@id\":\"https:\\\/\\\/amazonasmetals.com\\\/\",\"url\":\"https:\\\/\\\/amazonasmetals.com\\\/\",\"name\":\"Bem-vindo ao site da Amazonia Metais e Minerais LTDA - AM Amazonas Metals\",\"isPartOf\":{\"@id\":\"https:\\\/\\\/amazonasmetals.com\\\/#website\"},\"datePublished\":\"2022-11-04T13:26:27+00:00\",\"dateModified\":\"2024-03-18T08:29:16+00:00\",\"breadcrumb\":{\"@id\":\"https:\\\/\\\/amazonasmetals.com\\\/#breadcrumb\"},\"inLanguage\":\"pt-BR\",\"potentialAction\":[{\"@type\":\"ReadAction\",\"target\":[\"https:\\\/\\\/amazonasmetals.com\\\/\"]}]},{\"@type\":\"BreadcrumbList\",\"@id\":\"https:\\\/\\\/amazonasmetals.com\\\/#breadcrumb\",\"itemListElement\":[{\"@type\":\"ListItem\",\"position\":1,\"name\":\"Portada\",\"item\":\"https:\\\/\\\/amazonasmetals.com\\\/\"},{\"@type\":\"ListItem\",\"position\":2,\"name\":\"Bem-vindo ao site da Amazonia Metais e Minerais LTDA\"}]},{\"@type\":\"WebSite\",\"@id\":\"https:\\\/\\\/amazonasmetals.com\\\/#website\",\"url\":\"https:\\\/\\\/amazonasmetals.com\\\/\",\"name\":\"AM Amazonas Metals\",\"description\":\"\",\"publisher\":{\"@id\":\"https:\\\/\\\/amazonasmetals.com\\\/#organization\"},\"potentialAction\":[{\"@type\":\"SearchAction\",\"target\":{\"@type\":\"EntryPoint\",\"urlTemplate\":\"https:\\\/\\\/amazonasmetals.com\\\/?s={search_term_string}\"},\"query-input\":{\"@type\":\"PropertyValueSpecification\",\"valueRequired\":true,\"valueName\":\"search_term_string\"}}],\"inLanguage\":\"pt-BR\"},{\"@type\":\"Organization\",\"@id\":\"https:\\\/\\\/amazonasmetals.com\\\/#organization\",\"name\":\"AM Amazonas Metals\",\"url\":\"https:\\\/\\\/amazonasmetals.com\\\/\",\"logo\":{\"@type\":\"ImageObject\",\"inLanguage\":\"pt-BR\",\"@id\":\"https:\\\/\\\/amazonasmetals.com\\\/#\\\/schema\\\/logo\\\/image\\\/\",\"url\":\"https:\\\/\\\/amazonasmetals.com\\\/wp-content\\\/uploads\\\/2020\\\/09\\\/cropped-logo-amazonas-350-v2-e1667577190983.jpg\",\"contentUrl\":\"https:\\\/\\\/amazonasmetals.com\\\/wp-content\\\/uploads\\\/2020\\\/09\\\/cropped-logo-amazonas-350-v2-e1667577190983.jpg\",\"width\":202,\"height\":100,\"caption\":\"AM Amazonas Metals\"},\"image\":{\"@id\":\"https:\\\/\\\/amazonasmetals.com\\\/#\\\/schema\\\/logo\\\/image\\\/\"}}]}<\/script>\n<!-- \/ Yoast SEO plugin. -->","yoast_head_json":{"title":"Bem-vindo ao site da Amazonia Metais e Minerais LTDA - AM Amazonas Metals","robots":{"index":"index","follow":"follow","max-snippet":"max-snippet:-1","max-image-preview":"max-image-preview:large","max-video-preview":"max-video-preview:-1"},"canonical":"https:\/\/amazonasmetals.com\/","og_locale":"pt_BR","og_type":"article","og_title":"Bem-vindo ao site da Amazonia Metais e Minerais LTDA - AM Amazonas Metals","og_description":"Bem-vindo ao site da Amazonia Metais e Minerais LTDA A empresa \u201cAmazonia Metais\u201d de CNPJ 39.822.509\/0001-55, fundada em 18\/11\/2020 e com raz\u00e3o social Amazonia Metais e Minerais LTDA, est\u00e1 localizada na cidade Campina Grande do estado Para\u00edba. Sua atividade principal, conforme a Receita Federal, \u00e9 46.89-3-01 &#8211; Com\u00e9rcio atacadista de produtos da extra\u00e7\u00e3o mineral, exceto [&hellip;]","og_url":"https:\/\/amazonasmetals.com\/","og_site_name":"AM Amazonas Metals","article_modified_time":"2024-03-18T08:29:16+00:00","twitter_card":"summary_large_image","twitter_misc":{"Est. tempo de leitura":"1 minuto"},"schema":{"@context":"https:\/\/schema.org","@graph":[{"@type":"WebPage","@id":"https:\/\/amazonasmetals.com\/","url":"https:\/\/amazonasmetals.com\/","name":"Bem-vindo ao site da Amazonia Metais e Minerais LTDA - AM Amazonas Metals","isPartOf":{"@id":"https:\/\/amazonasmetals.com\/#website"},"datePublished":"2022-11-04T13:26:27+00:00","dateModified":"2024-03-18T08:29:16+00:00","breadcrumb":{"@id":"https:\/\/amazonasmetals.com\/#breadcrumb"},"inLanguage":"pt-BR","potentialAction":[{"@type":"ReadAction","target":["https:\/\/amazonasmetals.com\/"]}]},{"@type":"BreadcrumbList","@id":"https:\/\/amazonasmetals.com\/#breadcrumb","itemListElement":[{"@type":"ListItem","position":1,"name":"Portada","item":"https:\/\/amazonasmetals.com\/"},{"@type":"ListItem","position":2,"name":"Bem-vindo ao site da Amazonia Metais e Minerais LTDA"}]},{"@type":"WebSite","@id":"https:\/\/amazonasmetals.com\/#website","url":"https:\/\/amazonasmetals.com\/","name":"AM Amazonas Metals","description":"","publisher":{"@id":"https:\/\/amazonasmetals.com\/#organization"},"potentialAction":[{"@type":"SearchAction","target":{"@type":"EntryPoint","urlTemplate":"https:\/\/amazonasmetals.com\/?s={search_term_string}"},"query-input":{"@type":"PropertyValueSpecification","valueRequired":true,"valueName":"search_term_string"}}],"inLanguage":"pt-BR"},{"@type":"Organization","@id":"https:\/\/amazonasmetals.com\/#organization","name":"AM Amazonas Metals","url":"https:\/\/amazonasmetals.com\/","logo":{"@type":"ImageObject","inLanguage":"pt-BR","@id":"https:\/\/amazonasmetals.com\/#\/schema\/logo\/image\/","url":"https:\/\/amazonasmetals.com\/wp-content\/uploads\/2020\/09\/cropped-logo-amazonas-350-v2-e1667577190983.jpg","contentUrl":"https:\/\/amazonasmetals.com\/wp-content\/uploads\/2020\/09\/cropped-logo-amazonas-350-v2-e1667577190983.jpg","width":202,"height":100,"caption":"AM Amazonas Metals"},"image":{"@id":"https:\/\/amazonasmetals.com\/#\/schema\/logo\/image\/"}}]}},"_links":{"self":[{"href":"https:\/\/amazonasmetals.com\/index.php\/wp-json\/wp\/v2\/pages\/49","targetHints":{"allow":["GET"]}}],"collection":[{"href":"https:\/\/amazonasmetals.com\/index.php\/wp-json\/wp\/v2\/pages"}],"about":[{"href":"https:\/\/amazonasmetals.com\/index.php\/wp-json\/wp\/v2\/types\/page"}],"author":[{"embeddable":true,"href":"https:\/\/amazonasmetals.com\/index.php\/wp-json\/wp\/v2\/users\/1"}],"replies":[{"embeddable":true,"href":"https:\/\/amazonasmetals.com\/index.php\/wp-json\/wp\/v2\/comments?post=49"}],"version-history":[{"count":63,"href":"https:\/\/amazonasmetals.com\/index.php\/wp-json\/wp\/v2\/pages\/49\/revisions"}],"predecessor-version":[{"id":228,"href":"https:\/\/amazonasmetals.com\/index.php\/wp-json\/wp\/v2\/pages\/49\/revisions\/228"}],"wp:attachment":[{"href":"https:\/\/amazonasmetals.com\/index.php\/wp-json\/wp\/v2\/media?parent=49"}],"curies":[{"name":"wp","href":"https:\/\/api.w.org\/{rel}","templated":true}]}}