{"id":63,"date":"2022-11-04T13:26:27","date_gmt":"2022-11-04T13:26:27","guid":{"rendered":"https:\/\/amazonasmetals.com\/index.php\/bienvenidos-al-sitio-web-de-amazonia-metais-e-minerais-ltda\/"},"modified":"2024-03-18T08:59:09","modified_gmt":"2024-03-18T08:59:09","slug":"bienvenidos-al-sitio-web-de-amazonia-metais-e-minerais-ltda","status":"publish","type":"page","link":"https:\/\/amazonasmetals.com\/index.php\/bienvenidos-al-sitio-web-de-amazonia-metais-e-minerais-ltda\/?lang=es","title":{"rendered":"Bienvenidos al sitio web de Amazonia Metais e Minerais LTDA"},"content":{"rendered":"\t\t<div data-elementor-type=\"wp-page\" data-elementor-id=\"63\" class=\"elementor elementor-63 elementor-49\" data-elementor-post-type=\"page\">\n\t\t\t\t\t\t<section class=\"elementor-section elementor-top-section elementor-element elementor-element-0c18021 elementor-section-boxed elementor-section-height-default elementor-section-height-default\" data-id=\"0c18021\" data-element_type=\"section\" data-e-type=\"section\" data-settings=\"{&quot;background_background&quot;:&quot;slideshow&quot;,&quot;background_slideshow_gallery&quot;:[{&quot;id&quot;:6,&quot;url&quot;:&quot;https:\\\/\\\/amazonasmetals.com\\\/wp-content\\\/uploads\\\/2020\\\/09\\\/Amazonasmetals.jpg&quot;}],&quot;background_slideshow_loop&quot;:&quot;yes&quot;,&quot;background_slideshow_slide_duration&quot;:5000,&quot;background_slideshow_slide_transition&quot;:&quot;fade&quot;,&quot;background_slideshow_transition_duration&quot;:500}\">\n\t\t\t\t\t\t<div class=\"elementor-container elementor-column-gap-default\">\n\t\t\t\t\t<div class=\"elementor-column elementor-col-100 elementor-top-column elementor-element elementor-element-a3a7a3d\" data-id=\"a3a7a3d\" data-element_type=\"column\" data-e-type=\"column\" data-settings=\"{&quot;background_background&quot;:&quot;classic&quot;}\">\n\t\t\t<div class=\"elementor-widget-wrap elementor-element-populated\">\n\t\t\t\t\t\t<div class=\"elementor-element elementor-element-a53bfa5 elementor-widget elementor-widget-heading\" data-id=\"a53bfa5\" data-element_type=\"widget\" data-e-type=\"widget\" data-widget_type=\"heading.default\">\n\t\t\t\t<div class=\"elementor-widget-container\">\n\t\t\t\t\t<h2 class=\"elementor-heading-title elementor-size-xl\">Bienvenidos al sitio web de Amazonia Metais e Minerais LTDA<\/h2>\t\t\t\t<\/div>\n\t\t\t\t<\/div>\n\t\t\t\t<div class=\"elementor-element elementor-element-d670d0b elementor-widget elementor-widget-text-editor\" data-id=\"d670d0b\" data-element_type=\"widget\" data-e-type=\"widget\" data-widget_type=\"text-editor.default\">\n\t\t\t\t<div class=\"elementor-widget-container\">\n\t\t\t\t\t\t\t\t\tLa empresa \u201cAmazonia Metais\u201d con CNPJ 39.822.509-0001-55, fundada el 18-11-2020 y con raz\u00f3n social \u201cAmazonia Metais e Minerais LTDA\u201d, tiene su sede en la ciudad de Campina Grande en el estado de Para\u00edba. Su actividad principal, seg\u00fan Ingresos Federales, es 46.89-3-01 &#8211; Comercio al por mayor de productos de extracci\u00f3n de minerales, excepto combustibles. Contamos con registros mineros en los estados:\n<ul>\n \t<li>RN (R\u00cdO GRANDE DEL NORTE)<\/li>\n \t<li>BP (PARAIBA)<\/li>\n \t<li>MG (MINAS GERAIS)<\/li>\n \t<li>BA (BAH\u00cdA)<\/li>\n<\/ul>\n&nbsp;\n<h5>Vendemos minas con Feasibility Study \u2013 NI 43-101 Si est\u00e1 interesado p\u00f3ngase en contacto con nosotros en el correo <a href=\"mailto:%20am@amazonasmetals.com\">am@amazonasmetals.com<\/a><\/h5>\nPodemos producir los siguientes productos minerales (Sustancias)\n<ul>\n \t<li>CASITERITA<\/li>\n \t<li>CAOL\u00cdN<\/li>\n \t<li>FELDSPATO<\/li>\n \t<li>ILMENITA<\/li>\n \t<li>MINA DE COBRE<\/li>\n \t<li>MINERAL DE ESTA\u00d1O<\/li>\n \t<li>MINERAL DE HIERRO<\/li>\n \t<li>MINERAL DE LITIO<\/li>\n \t<li>MINERAL DE MANGANESO<\/li>\n \t<li>MINERAL DE NIOBIO<\/li>\n \t<li>MINERAL DE ORO<\/li>\n \t<li>MINERAL DE PALADIO<\/li>\n \t<li>MINERAL DE PLATINO<\/li>\n \t<li>MINERAL DE PLATA<\/li>\n \t<li>MINERAL DE TANTALIO<\/li>\n \t<li>MINERAL DE TITANIO<\/li>\n \t<li>MINERAL DE TUNGSTENO<\/li>\n \t<li>MINERAL DE VANADIO<\/li>\n \t<li>CUARZITA<\/li>\n \t<li>RUTILO<\/li>\n \t<li>TIERRAS RARAS<\/li>\n<\/ul>\nSi est\u00e1 interesado en los productos que producimos, cont\u00e1ctenos en <strong>am@amazonasmetals.com<\/strong>, lo ayudaremos lo antes posible.\n\n&nbsp;\t\t\t\t\t\t\t\t<\/div>\n\t\t\t\t<\/div>\n\t\t\t\t\t<\/div>\n\t\t<\/div>\n\t\t\t\t\t<\/div>\n\t\t<\/section>\n\t\t\t\t<\/div>\n\t\t","protected":false},"excerpt":{"rendered":"<p>Bienvenidos al sitio web de Amazonia Metais e Minerais LTDA La empresa \u201cAmazonia Metais\u201d con CNPJ 39.822.509-0001-55, fundada el 18-11-2020 y con raz\u00f3n social \u201cAmazonia Metais e Minerais LTDA\u201d, tiene su sede en la ciudad de Campina Grande en el estado de Para\u00edba. Su actividad principal, seg\u00fan Ingresos Federales, es 46.89-3-01 &#8211; Comercio al por [&hellip;]<\/p>\n","protected":false},"author":1,"featured_media":0,"parent":0,"menu_order":0,"comment_status":"closed","ping_status":"closed","template":"","meta":{"footnotes":""},"class_list":["post-63","page","type-page","status-publish","hentry"],"yoast_head":"<!-- This site is optimized with the Yoast SEO plugin v27.5 - https:\/\/yoast.com\/product\/yoast-seo-wordpress\/ -->\n<title>Bienvenidos al sitio web de Amazonia Metais e Minerais LTDA - AM Amazonas Metals<\/title>\n<meta name=\"robots\" content=\"index, follow, max-snippet:-1, max-image-preview:large, max-video-preview:-1\" \/>\n<link rel=\"canonical\" href=\"https:\/\/amazonasmetals.com\/index.php\/bienvenidos-al-sitio-web-de-amazonia-metais-e-minerais-ltda\/\" \/>\n<meta property=\"og:locale\" content=\"pt_BR\" \/>\n<meta property=\"og:type\" content=\"article\" \/>\n<meta property=\"og:title\" content=\"Bienvenidos al sitio web de Amazonia Metais e Minerais LTDA - AM Amazonas Metals\" \/>\n<meta property=\"og:description\" content=\"Bienvenidos al sitio web de Amazonia Metais e Minerais LTDA La empresa \u201cAmazonia Metais\u201d con CNPJ 39.822.509-0001-55, fundada el 18-11-2020 y con raz\u00f3n social \u201cAmazonia Metais e Minerais LTDA\u201d, tiene su sede en la ciudad de Campina Grande en el estado de Para\u00edba. Su actividad principal, seg\u00fan Ingresos Federales, es 46.89-3-01 &#8211; Comercio al por [&hellip;]\" \/>\n<meta property=\"og:url\" content=\"https:\/\/amazonasmetals.com\/index.php\/bienvenidos-al-sitio-web-de-amazonia-metais-e-minerais-ltda\/?lang=es\" \/>\n<meta property=\"og:site_name\" content=\"AM Amazonas Metals\" \/>\n<meta property=\"article:modified_time\" content=\"2024-03-18T08:59:09+00:00\" \/>\n<meta name=\"twitter:card\" content=\"summary_large_image\" \/>\n<meta name=\"twitter:label1\" content=\"Est. tempo de leitura\" \/>\n\t<meta name=\"twitter:data1\" content=\"1 minuto\" \/>\n<script type=\"application\/ld+json\" class=\"yoast-schema-graph\">{\"@context\":\"https:\\\/\\\/schema.org\",\"@graph\":[{\"@type\":\"WebPage\",\"@id\":\"https:\\\/\\\/amazonasmetals.com\\\/index.php\\\/bienvenidos-al-sitio-web-de-amazonia-metais-e-minerais-ltda\\\/?lang=es\",\"url\":\"https:\\\/\\\/amazonasmetals.com\\\/index.php\\\/bienvenidos-al-sitio-web-de-amazonia-metais-e-minerais-ltda\\\/?lang=es\",\"name\":\"Bienvenidos al sitio web de Amazonia Metais e Minerais LTDA - AM Amazonas Metals\",\"isPartOf\":{\"@id\":\"https:\\\/\\\/amazonasmetals.com\\\/#website\"},\"datePublished\":\"2022-11-04T13:26:27+00:00\",\"dateModified\":\"2024-03-18T08:59:09+00:00\",\"breadcrumb\":{\"@id\":\"https:\\\/\\\/amazonasmetals.com\\\/index.php\\\/bienvenidos-al-sitio-web-de-amazonia-metais-e-minerais-ltda\\\/?lang=es#breadcrumb\"},\"inLanguage\":\"pt-BR\",\"potentialAction\":[{\"@type\":\"ReadAction\",\"target\":[\"https:\\\/\\\/amazonasmetals.com\\\/index.php\\\/bienvenidos-al-sitio-web-de-amazonia-metais-e-minerais-ltda\\\/?lang=es\"]}]},{\"@type\":\"BreadcrumbList\",\"@id\":\"https:\\\/\\\/amazonasmetals.com\\\/index.php\\\/bienvenidos-al-sitio-web-de-amazonia-metais-e-minerais-ltda\\\/?lang=es#breadcrumb\",\"itemListElement\":[{\"@type\":\"ListItem\",\"position\":1,\"name\":\"Portada\",\"item\":\"https:\\\/\\\/amazonasmetals.com\\\/\"},{\"@type\":\"ListItem\",\"position\":2,\"name\":\"Bienvenidos al sitio web de Amazonia Metais e Minerais LTDA\"}]},{\"@type\":\"WebSite\",\"@id\":\"https:\\\/\\\/amazonasmetals.com\\\/#website\",\"url\":\"https:\\\/\\\/amazonasmetals.com\\\/\",\"name\":\"AM Amazonas Metals\",\"description\":\"\",\"publisher\":{\"@id\":\"https:\\\/\\\/amazonasmetals.com\\\/#organization\"},\"potentialAction\":[{\"@type\":\"SearchAction\",\"target\":{\"@type\":\"EntryPoint\",\"urlTemplate\":\"https:\\\/\\\/amazonasmetals.com\\\/?s={search_term_string}\"},\"query-input\":{\"@type\":\"PropertyValueSpecification\",\"valueRequired\":true,\"valueName\":\"search_term_string\"}}],\"inLanguage\":\"pt-BR\"},{\"@type\":\"Organization\",\"@id\":\"https:\\\/\\\/amazonasmetals.com\\\/#organization\",\"name\":\"AM Amazonas Metals\",\"url\":\"https:\\\/\\\/amazonasmetals.com\\\/\",\"logo\":{\"@type\":\"ImageObject\",\"inLanguage\":\"pt-BR\",\"@id\":\"https:\\\/\\\/amazonasmetals.com\\\/#\\\/schema\\\/logo\\\/image\\\/\",\"url\":\"https:\\\/\\\/amazonasmetals.com\\\/wp-content\\\/uploads\\\/2020\\\/09\\\/cropped-logo-amazonas-350-v2-e1667577190983.jpg\",\"contentUrl\":\"https:\\\/\\\/amazonasmetals.com\\\/wp-content\\\/uploads\\\/2020\\\/09\\\/cropped-logo-amazonas-350-v2-e1667577190983.jpg\",\"width\":202,\"height\":100,\"caption\":\"AM Amazonas Metals\"},\"image\":{\"@id\":\"https:\\\/\\\/amazonasmetals.com\\\/#\\\/schema\\\/logo\\\/image\\\/\"}}]}<\/script>\n<!-- \/ Yoast SEO plugin. -->","yoast_head_json":{"title":"Bienvenidos al sitio web de Amazonia Metais e Minerais LTDA - AM Amazonas Metals","robots":{"index":"index","follow":"follow","max-snippet":"max-snippet:-1","max-image-preview":"max-image-preview:large","max-video-preview":"max-video-preview:-1"},"canonical":"https:\/\/amazonasmetals.com\/index.php\/bienvenidos-al-sitio-web-de-amazonia-metais-e-minerais-ltda\/","og_locale":"pt_BR","og_type":"article","og_title":"Bienvenidos al sitio web de Amazonia Metais e Minerais LTDA - AM Amazonas Metals","og_description":"Bienvenidos al sitio web de Amazonia Metais e Minerais LTDA La empresa \u201cAmazonia Metais\u201d con CNPJ 39.822.509-0001-55, fundada el 18-11-2020 y con raz\u00f3n social \u201cAmazonia Metais e Minerais LTDA\u201d, tiene su sede en la ciudad de Campina Grande en el estado de Para\u00edba. Su actividad principal, seg\u00fan Ingresos Federales, es 46.89-3-01 &#8211; Comercio al por [&hellip;]","og_url":"https:\/\/amazonasmetals.com\/index.php\/bienvenidos-al-sitio-web-de-amazonia-metais-e-minerais-ltda\/?lang=es","og_site_name":"AM Amazonas Metals","article_modified_time":"2024-03-18T08:59:09+00:00","twitter_card":"summary_large_image","twitter_misc":{"Est. tempo de leitura":"1 minuto"},"schema":{"@context":"https:\/\/schema.org","@graph":[{"@type":"WebPage","@id":"https:\/\/amazonasmetals.com\/index.php\/bienvenidos-al-sitio-web-de-amazonia-metais-e-minerais-ltda\/?lang=es","url":"https:\/\/amazonasmetals.com\/index.php\/bienvenidos-al-sitio-web-de-amazonia-metais-e-minerais-ltda\/?lang=es","name":"Bienvenidos al sitio web de Amazonia Metais e Minerais LTDA - AM Amazonas Metals","isPartOf":{"@id":"https:\/\/amazonasmetals.com\/#website"},"datePublished":"2022-11-04T13:26:27+00:00","dateModified":"2024-03-18T08:59:09+00:00","breadcrumb":{"@id":"https:\/\/amazonasmetals.com\/index.php\/bienvenidos-al-sitio-web-de-amazonia-metais-e-minerais-ltda\/?lang=es#breadcrumb"},"inLanguage":"pt-BR","potentialAction":[{"@type":"ReadAction","target":["https:\/\/amazonasmetals.com\/index.php\/bienvenidos-al-sitio-web-de-amazonia-metais-e-minerais-ltda\/?lang=es"]}]},{"@type":"BreadcrumbList","@id":"https:\/\/amazonasmetals.com\/index.php\/bienvenidos-al-sitio-web-de-amazonia-metais-e-minerais-ltda\/?lang=es#breadcrumb","itemListElement":[{"@type":"ListItem","position":1,"name":"Portada","item":"https:\/\/amazonasmetals.com\/"},{"@type":"ListItem","position":2,"name":"Bienvenidos al sitio web de Amazonia Metais e Minerais LTDA"}]},{"@type":"WebSite","@id":"https:\/\/amazonasmetals.com\/#website","url":"https:\/\/amazonasmetals.com\/","name":"AM Amazonas Metals","description":"","publisher":{"@id":"https:\/\/amazonasmetals.com\/#organization"},"potentialAction":[{"@type":"SearchAction","target":{"@type":"EntryPoint","urlTemplate":"https:\/\/amazonasmetals.com\/?s={search_term_string}"},"query-input":{"@type":"PropertyValueSpecification","valueRequired":true,"valueName":"search_term_string"}}],"inLanguage":"pt-BR"},{"@type":"Organization","@id":"https:\/\/amazonasmetals.com\/#organization","name":"AM Amazonas Metals","url":"https:\/\/amazonasmetals.com\/","logo":{"@type":"ImageObject","inLanguage":"pt-BR","@id":"https:\/\/amazonasmetals.com\/#\/schema\/logo\/image\/","url":"https:\/\/amazonasmetals.com\/wp-content\/uploads\/2020\/09\/cropped-logo-amazonas-350-v2-e1667577190983.jpg","contentUrl":"https:\/\/amazonasmetals.com\/wp-content\/uploads\/2020\/09\/cropped-logo-amazonas-350-v2-e1667577190983.jpg","width":202,"height":100,"caption":"AM Amazonas Metals"},"image":{"@id":"https:\/\/amazonasmetals.com\/#\/schema\/logo\/image\/"}}]}},"_links":{"self":[{"href":"https:\/\/amazonasmetals.com\/index.php\/wp-json\/wp\/v2\/pages\/63","targetHints":{"allow":["GET"]}}],"collection":[{"href":"https:\/\/amazonasmetals.com\/index.php\/wp-json\/wp\/v2\/pages"}],"about":[{"href":"https:\/\/amazonasmetals.com\/index.php\/wp-json\/wp\/v2\/types\/page"}],"author":[{"embeddable":true,"href":"https:\/\/amazonasmetals.com\/index.php\/wp-json\/wp\/v2\/users\/1"}],"replies":[{"embeddable":true,"href":"https:\/\/amazonasmetals.com\/index.php\/wp-json\/wp\/v2\/comments?post=63"}],"version-history":[{"count":20,"href":"https:\/\/amazonasmetals.com\/index.php\/wp-json\/wp\/v2\/pages\/63\/revisions"}],"predecessor-version":[{"id":232,"href":"https:\/\/amazonasmetals.com\/index.php\/wp-json\/wp\/v2\/pages\/63\/revisions\/232"}],"wp:attachment":[{"href":"https:\/\/amazonasmetals.com\/index.php\/wp-json\/wp\/v2\/media?parent=63"}],"curies":[{"name":"wp","href":"https:\/\/api.w.org\/{rel}","templated":true}]}}